{"id":3,"date":"2021-01-15T14:30:28","date_gmt":"2021-01-15T14:30:28","guid":{"rendered":"https:\/\/gwb-consulting.com\/?page_id=3"},"modified":"2021-01-18T15:50:24","modified_gmt":"2021-01-18T15:50:24","slug":"politica-privacidad","status":"publish","type":"page","link":"https:\/\/gwb-consulting.com\/?page_id=3","title":{"rendered":"Privacy Policies"},"content":{"rendered":"<p>[et_pb_section fb_built=\u00bb1&#8243; _builder_version=\u00bb3.22&#8243;][et_pb_row _builder_version=\u00bb3.25&#8243; background_size=\u00bbinitial\u00bb background_position=\u00bbtop_left\u00bb background_repeat=\u00bbrepeat\u00bb][et_pb_column type=\u00bb4_4&#8243; _builder_version=\u00bb3.25&#8243; custom_padding=\u00bb|||\u00bb custom_padding__hover=\u00bb|||\u00bb][et_pb_text _builder_version=\u00bb4.6.1&#8243; background_size=\u00bbinitial\u00bb background_position=\u00bbtop_left\u00bb background_repeat=\u00bbrepeat\u00bb hover_enabled=\u00bb0&#8243; sticky_enabled=\u00bb0&#8243;]<\/p>\n<p><!-- divi:heading -->\u00a0<\/p>\n<h2>Privacy Policies<\/h2>\n<p>Ourweb adress is: https:\/\/gwb-consulting.com.<\/p>\n<ol>\n<li><strong> INFORMATION TO THE USER<\/strong><br \/> GWB-Consulting as Data Controller, informs you that, according to the provisions of Regulation (EU) 2016\/679, of April 27, (RGPD) and in the L.O. 3\/2018, of December 5, on data protection and guarantee of digital rights (LOPDGDD), we will treat your data as we reflect in this Privacy Policy.<br \/> In this Privacy Policy we describe how we collect your personal data and why we collect it, what we do with it, with whom we share it, how we protect it, and your options regarding the processing of your personal data.<br \/> This Policy applies to the processing of your personal data collected by the company for the provision of its services. If you accept the measures of this Policy, you agree that we process your personal data as defined in this Policy.<strong>2. CONTACT<br \/> <\/strong>Company name: GWB-Consulting<br \/> Trade name: GWB-Consulting<br \/> CIF:<br \/> Home: <a href=\"http:\/\/www.pacificworld2.com\">www.GWB-Consulting.com<\/a><br \/> e-mail: <a href=\"mailto:info@pacificworld2.com\">info@GWB-Consulting.com<\/a>\n<p><strong>3. KEY PRINCIPLES<br \/> <\/strong>We have always been committed to providing our services with the highest degree of quality, which includes treating your data with security and transparency. Our principles are:<br \/> Legality: We will only collect your Personal Data for specific, explicit and legitimate purposes.<br \/> Data minimization: We limit the collection of personal data to what is strictly relevant and necessary for the purposes for which it was collected.<br \/> Limitation of Purpose: We will only collect your personal data for the stated purposes and only according to your wishes.<br \/> Accuracy: We will keep your personal information accurate and up to date.<br \/> Data Security: We apply appropriate technical and organizational measures proportional to the risks to guarantee that your data does not suffer damage, such as unauthorized disclosure or access, accidental or illegal destruction or accidental loss or alteration and any other form of illicit treatment.<br \/> Access and Rectification: We have the means for you to access or rectify your data when you deem it appropriate.<br \/> Conservation: We keep your personal data legally and appropriately and only as long as it is necessary for the purposes for which it was collected.<br \/> International transfers: when it is the case that your data is going to be transferred outside the EU \/ EEA it will be adequately protected.<br \/> Third parties: Access and transfer of personal data to third parties are carried out in accordance with applicable laws and regulations and with the appropriate contractual guarantees.<br \/> Direct Marketing and cookies: We comply with the applicable legislation regarding advertising and cookies.<\/p>\n<p><strong>4. COLLECTION AND PROCESSING OF YOUR PERSONAL DATA<br \/> <\/strong>The types of data that can be requested and processed are: Identifying data. We also automatically collect data about your visit to our website as described in the cookie policy. Whenever we request your Personal Data, we will clearly inform you of what personal data we collect and for what purpose. In general, we collect and process your personal data for the purpose of: Providing information, services, products, relevant information and news in the sector.<\/p>\n<p><strong>5. LEGITIMACY<br \/> <\/strong>In accordance with the applicable data protection regulations, your personal data may be processed provided that: You have given us your consent for the purposes of the treatment. Of course you can withdraw your consent at any time. By legal requirement. Because there is a legitimate interest that is not undermined by your privacy rights, such as sending commercial information either by subscribing to our newsletter or by being a client. Because it is necessary for the provision of any of our services through a contractual relationship between you and us.<\/p>\n<\/li>\n<li><strong> COMMUNICATION OF PERSONAL DATA<br \/> <\/strong>The data can be communicated to companies related to GWB-Consulting for the provision of the various services as Treatment Managers. The company will not make any assignment, except by legal obligation.<strong>7. YOUR RIGHTS<br \/> <\/strong>In relation to the collection and processing of your personal data, you can contact us at any time to:<br \/> Access your personal data and any other information indicated in Article 15.1 of the RGPD.<br \/> Rectify your personal data that is inaccurate or incomplete in accordance with Article 16 of the RGPD.<br \/> Delete your personal data in accordance with Article 17 of the RGPD.<br \/> Limit the processing of your personal data in accordance with Article 18 of the RGPD.<br \/> Request the portability of your data in accordance with Article 20 of the RGPD.<br \/> Oppose the processing of your personal data in accordance with article 21 of the RGPD.<br \/> If you have given your consent for a specific purpose, you have the right to withdraw the consent granted at any time, without affecting the legality of the treatment based on the consent prior to its withdrawal. You can exercise these rights by sending a motivated and accredited communication to <a href=\"mailto:info@pacificworld2.com\">info@GWB-Consulting.com<\/a>.<br \/> You also have the right to file a claim with the competent Control Authority if you consider that the treatment does not comply with current regulations.<\/li>\n<li><strong> LEGAL INFORMATION<br \/> <\/strong>The requirements of this Policy complement, and do not replace, any other existing requirement under the applicable data protection law, which will be the one that prevails in any case. This Policy is subject to periodic review and the company can modify it at any time. When this occurs, we will notify you of any changes and ask you to re-read the most recent version of our Policy and confirm your acceptance.<\/li>\n<\/ol>\n<p>&nbsp;<\/p>\n<p><!-- \/divi:heading --><\/p>\n<p>[\/et_pb_text][\/et_pb_column][\/et_pb_row][\/et_pb_section]<\/p>\n","protected":false},"excerpt":{"rendered":"<p>\u00a0 Privacy Policies Ourweb adress is: https:\/\/gwb-consulting.com. INFORMATION TO THE USER GWB-Consulting as Data Controller, informs you that, according to the provisions of Regulation (EU) 2016\/679, of April 27, (RGPD) and in the L.O. 3\/2018, of December 5, on data protection and guarantee of digital rights (LOPDGDD), we will treat your data as we reflect [&hellip;]<\/p>\n","protected":false},"author":1,"featured_media":0,"parent":0,"menu_order":0,"comment_status":"closed","ping_status":"open","template":"","meta":{"_et_pb_use_builder":"on","_et_pb_old_content":"<!-- wp:heading -->\n<h2>Qui\u00e9nes somos<\/h2>\n<!-- \/wp:heading -->\n\n<!-- wp:paragraph -->\n<p>La direcci\u00f3n de nuestra web es: https:\/\/gwb-consulting.com.<\/p>\n<!-- \/wp:paragraph -->\n\n<!-- wp:heading -->\n<h2>Qu\u00e9 datos personales recogemos y por qu\u00e9 los recogemos<\/h2>\n<!-- \/wp:heading -->\n\n<!-- wp:heading {\"level\":3} -->\n<h3>Comentarios<\/h3>\n<!-- \/wp:heading -->\n\n<!-- wp:paragraph -->\n<p>Cuando los visitantes dejan comentarios en la web, recopilamos los datos que se muestran en el formulario de comentarios, as\u00ed como la direcci\u00f3n IP del visitante y la cadena de agentes de usuario del navegador para ayudar a la detecci\u00f3n de spam.<\/p>\n<!-- \/wp:paragraph -->\n\n<!-- wp:paragraph -->\n<p>Una cadena an\u00f3nima creada a partir de tu direcci\u00f3n de correo electr\u00f3nico (tambi\u00e9n llamada hash) puede ser proporcionada al servicio de Gravatar para ver si la est\u00e1s usando. La pol\u00edtica de privacidad del servicio Gravatar est\u00e1 disponible aqu\u00ed: https:\/\/automattic.com\/privacy\/. Despu\u00e9s de la aprobaci\u00f3n de tu comentario, la imagen de tu perfil es visible para el p\u00fablico en el contexto de tu comentario.<\/p>\n<!-- \/wp:paragraph -->\n\n<!-- wp:heading {\"level\":3} -->\n<h3>Medios<\/h3>\n<!-- \/wp:heading -->\n\n<!-- wp:paragraph -->\n<p>Si subes im\u00e1genes a la web, deber\u00edas evitar subir im\u00e1genes con datos de ubicaci\u00f3n (GPS EXIF) incluidos. Los visitantes de la web pueden descargar y extraer cualquier dato de ubicaci\u00f3n de las im\u00e1genes de la web.<\/p>\n<!-- \/wp:paragraph -->\n\n<!-- wp:heading {\"level\":3} -->\n<h3>Formularios de contacto<\/h3>\n<!-- \/wp:heading -->\n\n<!-- wp:heading {\"level\":3} -->\n<h3>Cookies<\/h3>\n<!-- \/wp:heading -->\n\n<!-- wp:paragraph -->\n<p>Si dejas un comentario en nuestro sitio puedes elegir guardar tu nombre, direcci\u00f3n de correo electr\u00f3nico y web en cookies. Esto es para tu comodidad, para que no tengas que volver a rellenar tus datos cuando dejes otro comentario. Estas cookies tendr\u00e1n una duraci\u00f3n de un a\u00f1o.<\/p>\n<!-- \/wp:paragraph -->\n\n<!-- wp:paragraph -->\n<p>Si tienes una cuenta y te conectas a este sitio, instalaremos una cookie temporal para determinar si tu navegador acepta cookies. Esta cookie no contiene datos personales y se elimina al cerrar el navegador.<\/p>\n<!-- \/wp:paragraph -->\n\n<!-- wp:paragraph -->\n<p>Cuando accedas, tambi\u00e9n instalaremos varias cookies para guardar tu informaci\u00f3n de acceso y tus opciones de visualizaci\u00f3n de pantalla. Las cookies de acceso duran dos d\u00edas, y las cookies de opciones de pantalla duran un a\u00f1o. Si seleccionas \u00abRecu\u00e9rdarme\u00bb, tu acceso perdurar\u00e1 durante dos semanas. Si sales de tu cuenta, las cookies de acceso se eliminar\u00e1n.<\/p>\n<!-- \/wp:paragraph -->\n\n<!-- wp:paragraph -->\n<p>Si editas o publicas un art\u00edculo se guardar\u00e1 una cookie adicional en tu navegador. Esta cookie no incluye datos personales y simplemente indica el ID del art\u00edculo que acabas de editar. Caduca despu\u00e9s de 1 d\u00eda.<\/p>\n<!-- \/wp:paragraph -->\n\n<!-- wp:heading {\"level\":3} -->\n<h3>Contenido incrustado de otros sitios web<\/h3>\n<!-- \/wp:heading -->\n\n<!-- wp:paragraph -->\n<p>Los art\u00edculos de este sitio pueden incluir contenido incrustado (por ejemplo, v\u00eddeos, im\u00e1genes, art\u00edculos, etc.). El contenido incrustado de otras webs se comporta exactamente de la misma manera que si el visitante hubiera visitado la otra web.<\/p>\n<!-- \/wp:paragraph -->\n\n<!-- wp:paragraph -->\n<p>Estas web pueden recopilar datos sobre ti, utilizar cookies, incrustar un seguimiento adicional de terceros, y supervisar tu interacci\u00f3n con ese contenido incrustado, incluido el seguimiento de tu interacci\u00f3n con el contenido incrustado si tienes una cuenta y est\u00e1s conectado a esa web.<\/p>\n<!-- \/wp:paragraph -->\n\n<!-- wp:heading {\"level\":3} -->\n<h3>Anal\u00edtica<\/h3>\n<!-- \/wp:heading -->\n\n<!-- wp:heading -->\n<h2>Con qui\u00e9n compartimos tus datos<\/h2>\n<!-- \/wp:heading -->\n\n<!-- wp:paragraph -->\n<p>Si solicitas un restablecimiento de contrase\u00f1a, tu direcci\u00f3n IP ser\u00e1 incluida en el correo electr\u00f3nico de restablecimiento.<\/p>\n<!-- \/wp:paragraph -->\n\n<!-- wp:heading -->\n<h2>Cu\u00e1nto tiempo conservamos tus datos<\/h2>\n<!-- \/wp:heading -->\n\n<!-- wp:paragraph -->\n<p>Si dejas un comentario, el comentario y sus metadatos se conservan indefinidamente. Esto es para que podamos reconocer y aprobar comentarios sucesivos autom\u00e1ticamente, en lugar de mantenerlos en una cola de moderaci\u00f3n.<\/p>\n<!-- \/wp:paragraph -->\n\n<!-- wp:paragraph -->\n<p>De los usuarios que se registran en nuestra web (si los hay), tambi\u00e9n almacenamos la informaci\u00f3n personal que proporcionan en su perfil de usuario. Todos los usuarios pueden ver, editar o eliminar su informaci\u00f3n personal en cualquier momento (excepto que no pueden cambiar su nombre de usuario). Los administradores de la web tambi\u00e9n pueden ver y editar esa informaci\u00f3n.<\/p>\n<!-- \/wp:paragraph -->\n\n<!-- wp:heading -->\n<h2>Qu\u00e9 derechos tienes sobre tus datos<\/h2>\n<!-- \/wp:heading -->\n\n<!-- wp:paragraph -->\n<p>Si tienes una cuenta o has dejado comentarios en esta web, puedes solicitar recibir un archivo de exportaci\u00f3n de los datos personales que tenemos sobre ti, incluyendo cualquier dato que nos hayas proporcionado. Tambi\u00e9n puedes solicitar que eliminemos cualquier dato personal que tengamos sobre ti. Esto no incluye ning\u00fan dato que estemos obligados a conservar con fines administrativos, legales o de seguridad.<\/p>\n<!-- \/wp:paragraph -->\n\n<!-- wp:heading -->\n<h2>D\u00f3nde enviamos tus datos<\/h2>\n<!-- \/wp:heading -->\n\n<!-- wp:paragraph -->\n<p>Los comentarios de los visitantes puede que los revise un servicio de detecci\u00f3n autom\u00e1tica de spam.<\/p>\n<!-- \/wp:paragraph -->\n\n<!-- wp:heading -->\n<h2>Tu informaci\u00f3n de contacto<\/h2>\n<!-- \/wp:heading -->\n\n<!-- wp:heading -->\n<h2>Informaci\u00f3n adicional<\/h2>\n<!-- \/wp:heading -->\n\n<!-- wp:heading {\"level\":3} -->\n<h3>C\u00f3mo protegemos tus datos<\/h3>\n<!-- \/wp:heading -->\n\n<!-- wp:heading {\"level\":3} -->\n<h3>Qu\u00e9 procedimientos utilizamos contra las brechas de datos<\/h3>\n<!-- \/wp:heading -->\n\n<!-- wp:heading {\"level\":3} -->\n<h3>De qu\u00e9 terceros recibimos datos<\/h3>\n<!-- \/wp:heading -->\n\n<!-- wp:heading {\"level\":3} -->\n<h3>Qu\u00e9 tipo de toma de decisiones automatizada y\/o perfilado hacemos con los datos del usuario<\/h3>\n<!-- \/wp:heading -->\n\n<!-- wp:heading {\"level\":3} -->\n<h3>Requerimientos regulatorios de revelaci\u00f3n de informaci\u00f3n del sector<\/h3>\n<!-- \/wp:heading -->","_et_gb_content_width":"","footnotes":""},"class_list":["post-3","page","type-page","status-publish","hentry"],"_links":{"self":[{"href":"https:\/\/gwb-consulting.com\/index.php?rest_route=\/wp\/v2\/pages\/3","targetHints":{"allow":["GET"]}}],"collection":[{"href":"https:\/\/gwb-consulting.com\/index.php?rest_route=\/wp\/v2\/pages"}],"about":[{"href":"https:\/\/gwb-consulting.com\/index.php?rest_route=\/wp\/v2\/types\/page"}],"author":[{"embeddable":true,"href":"https:\/\/gwb-consulting.com\/index.php?rest_route=\/wp\/v2\/users\/1"}],"replies":[{"embeddable":true,"href":"https:\/\/gwb-consulting.com\/index.php?rest_route=%2Fwp%2Fv2%2Fcomments&post=3"}],"version-history":[{"count":6,"href":"https:\/\/gwb-consulting.com\/index.php?rest_route=\/wp\/v2\/pages\/3\/revisions"}],"predecessor-version":[{"id":36,"href":"https:\/\/gwb-consulting.com\/index.php?rest_route=\/wp\/v2\/pages\/3\/revisions\/36"}],"wp:attachment":[{"href":"https:\/\/gwb-consulting.com\/index.php?rest_route=%2Fwp%2Fv2%2Fmedia&parent=3"}],"curies":[{"name":"wp","href":"https:\/\/api.w.org\/{rel}","templated":true}]}}